{"id":91,"date":"2020-10-20T20:42:24","date_gmt":"2020-10-20T20:42:24","guid":{"rendered":"https:\/\/levepack.com\/?page_id=91"},"modified":"2021-03-03T23:17:38","modified_gmt":"2021-03-03T23:17:38","slug":"asas-de-plastico","status":"publish","type":"page","link":"https:\/\/levepack.com\/?page_id=91","title":{"rendered":"Asas de Pl\u00e1stico"},"content":{"rendered":"<p>[et_pb_section fb_built=&#8221;1&#8243; next_background_color=&#8221;#ffffff&#8221; disabled_on=&#8221;off|off|off&#8221; _builder_version=&#8221;4.9.0&#8243; _module_preset=&#8221;default&#8221; background_image=&#8221;https:\/\/levepack.com\/wp-content\/uploads\/2021\/03\/Artboard-6-100.jpg&#8221; custom_padding=&#8221;0.4%||||false|false&#8221; bottom_divider_style=&#8221;curve2&#8243; bottom_divider_height=&#8221;87px&#8221; background_last_edited=&#8221;on|phone&#8221; background_image_phone=&#8221;https:\/\/levepack.com\/wp-content\/uploads\/2021\/03\/Artboard-6-copy-100.jpg&#8221; background_enable_image_phone=&#8221;on&#8221;][et_pb_row column_structure=&#8221;1_2,1_2&#8243; use_custom_gutter=&#8221;on&#8221; gutter_width=&#8221;1&#8243; _builder_version=&#8221;4.6.6&#8243; _module_preset=&#8221;default&#8221; custom_margin=&#8221;5%|auto|-1.3%|auto|false|false&#8221; custom_padding=&#8221;155px|||||&#8221;][et_pb_column type=&#8221;1_2&#8243; _builder_version=&#8221;4.6.6&#8243; _module_preset=&#8221;default&#8221;][\/et_pb_column][et_pb_column type=&#8221;1_2&#8243; _builder_version=&#8221;4.6.6&#8243; _module_preset=&#8221;default&#8221;][et_pb_text _builder_version=&#8221;4.9.0&#8243; _module_preset=&#8221;default&#8221; text_font=&#8221;Muli|900||on|||||&#8221; text_text_color=&#8221;#FFFFFF&#8221; text_font_size=&#8221;250%&#8221; text_line_height=&#8221;1em&#8221; text_orientation=&#8221;right&#8221; width=&#8221;90%&#8221; hover_enabled=&#8221;0&#8243; text_font_size_tablet=&#8221;220%&#8221; text_font_size_phone=&#8221;180%&#8221; text_font_size_last_edited=&#8221;on|tablet&#8221; sticky_enabled=&#8221;0&#8243;]<\/p>\n<p>asas pl\u00e1sticas<\/p>\n<p>[\/et_pb_text][\/et_pb_column][\/et_pb_row][\/et_pb_section][et_pb_section fb_built=&#8221;1&#8243; _builder_version=&#8221;4.6.6&#8243; _module_preset=&#8221;default&#8221; custom_padding=&#8221;0px|||||&#8221;][et_pb_row column_structure=&#8221;1_5,3_5,1_5&#8243; _builder_version=&#8221;4.6.6&#8243; _module_preset=&#8221;default&#8221; custom_padding=&#8221;||0px|||&#8221;][et_pb_column type=&#8221;1_5&#8243; _builder_version=&#8221;4.6.6&#8243; _module_preset=&#8221;default&#8221;][\/et_pb_column][et_pb_column type=&#8221;3_5&#8243; _builder_version=&#8221;4.6.6&#8243; _module_preset=&#8221;default&#8221;][et_pb_text _builder_version=&#8221;4.9.0&#8243; _module_preset=&#8221;default&#8221; text_font=&#8221;Muli|800||on|||||&#8221; text_text_color=&#8221;#82929e&#8221; text_font_size=&#8221;17px&#8221; text_letter_spacing=&#8221;1px&#8221;]<\/p>\n<p style=\"text-align: center;\">Fabricamos asas de pl\u00e1stico de diferentes usos para el ramo del envase y embalaje<\/p>\n<p>[\/et_pb_text][et_pb_text _builder_version=&#8221;4.9.0&#8243; _module_preset=&#8221;default&#8221; text_font=&#8221;Nunito|700|||||||&#8221; text_text_color=&#8221;#82929e&#8221; text_font_size=&#8221;15px&#8221; header_font=&#8221;Muli|800|||||||&#8221; header_text_color=&#8221;#E02B20&#8243; header_font_size=&#8221;29px&#8221; header_2_font=&#8221;Muli|800||on|||||&#8221; header_2_text_color=&#8221;#0C71C3&#8243; header_2_font_size=&#8221;18px&#8221;]<\/p>\n<h1 style=\"text-align: center;\">\u00bfNecesitas una asa de pl\u00e1stico hecha a la medida de tu art\u00edculo?<\/h1>\n<p>&nbsp;<\/p>\n<h2 style=\"text-align: center;\">\u00a1Nosotros las desarrollamos!<\/h2>\n<p>[\/et_pb_text][et_pb_text _builder_version=&#8221;4.6.6&#8243; _module_preset=&#8221;default&#8221; text_font=&#8221;Nunito||||||||&#8221; text_text_color=&#8221;#82929e&#8221; text_font_size=&#8221;15px&#8221;]<\/p>\n<p style=\"text-align: center;\"><span>Fabricamos asas de pl\u00e1stico para botellas, cajas, cubetas, bolsas. Contamos con un cat\u00e1logo\u00a0 de modelos gen\u00e9ricos para venta. \u00a0\u00a0Si el modelo que buscas no lo tenemos, lo fabricamos c\u00f3mo producci\u00f3n especial, s\u00f3lo haznos saber tu requerimiento y le damos una soluci\u00f3n.<\/span><span>\u00a0<\/span><\/p>\n<p style=\"text-align: center;\"><span>Si tu necesidad es un modelo personalizado de alguna asa, y este modelo no quieres que alguna otra competencia tuya lo tenga, lo fabricamos con un dise\u00f1o especial y lo personalizamos con tu marca, al mismo tiempo que s\u00f3lo lo fabricamos para ti o tu empresa.<\/span><\/p>\n<p>[\/et_pb_text][\/et_pb_column][et_pb_column type=&#8221;1_5&#8243; _builder_version=&#8221;4.6.6&#8243; _module_preset=&#8221;default&#8221;][\/et_pb_column][\/et_pb_row][et_pb_row column_structure=&#8221;1_4,1_4,1_4,1_4&#8243; _builder_version=&#8221;4.6.6&#8243; _module_preset=&#8221;default&#8221; width=&#8221;70%&#8221;][et_pb_column type=&#8221;1_4&#8243; _builder_version=&#8221;4.6.6&#8243; _module_preset=&#8221;default&#8221;][et_pb_blurb title=&#8221;Asas Para Caja de Cart\u00f3n&#8221; url=&#8221;@ET-DC@eyJkeW5hbWljIjp0cnVlLCJjb250ZW50IjoicG9zdF9saW5rX3VybF9wYWdlIiwic2V0dGluZ3MiOnsicG9zdF9pZCI6IjMyNSJ9fQ==@&#8221; image=&#8221;https:\/\/levepack.com\/wp-content\/uploads\/2021\/03\/asas-para-caja-de-carton.png&#8221; _builder_version=&#8221;4.9.0&#8243; _dynamic_attributes=&#8221;url,link_option_url&#8221; _module_preset=&#8221;default&#8221; header_font=&#8221;Muli|900||on|||||&#8221; header_text_align=&#8221;center&#8221; header_text_color=&#8221;#515151&#8243; header_font_size=&#8221;11px&#8221; header_letter_spacing=&#8221;1.2px&#8221; module_alignment=&#8221;center&#8221; link_option_url=&#8221;@ET-DC@eyJkeW5hbWljIjp0cnVlLCJjb250ZW50IjoicG9zdF9saW5rX3VybF9wYWdlIiwic2V0dGluZ3MiOnsicG9zdF9pZCI6IjMyNSJ9fQ==@&#8221; border_radii_image=&#8221;on|10px|10px|10px|10px&#8221; width__hover=&#8221;90%&#8221; width__hover_enabled=&#8221;on|hover&#8221;][\/et_pb_blurb][\/et_pb_column][et_pb_column type=&#8221;1_4&#8243; _builder_version=&#8221;4.6.6&#8243; _module_preset=&#8221;default&#8221;][et_pb_blurb title=&#8221;Asa Para Cubeta Industrial&#8221; url=&#8221;@ET-DC@eyJkeW5hbWljIjp0cnVlLCJjb250ZW50IjoicG9zdF9saW5rX3VybF9wYWdlIiwic2V0dGluZ3MiOnsicG9zdF9pZCI6IjMzMyJ9fQ==@&#8221; image=&#8221;https:\/\/levepack.com\/wp-content\/uploads\/2021\/03\/asas-para-cubeta-industrial-copy.png&#8221; _builder_version=&#8221;4.9.0&#8243; _dynamic_attributes=&#8221;url,link_option_url&#8221; _module_preset=&#8221;default&#8221; header_font=&#8221;Muli|900||on|||||&#8221; header_text_align=&#8221;center&#8221; header_text_color=&#8221;#515151&#8243; header_font_size=&#8221;11px&#8221; header_letter_spacing=&#8221;1.2px&#8221; module_alignment=&#8221;center&#8221; link_option_url=&#8221;@ET-DC@eyJkeW5hbWljIjp0cnVlLCJjb250ZW50IjoicG9zdF9saW5rX3VybF9wYWdlIiwic2V0dGluZ3MiOnsicG9zdF9pZCI6IjMzMyJ9fQ==@&#8221; border_radii_image=&#8221;on|10px|10px|10px|10px&#8221; width__hover_enabled=&#8221;on|hover&#8221; width__hover=&#8221;90%&#8221;][\/et_pb_blurb][\/et_pb_column][et_pb_column type=&#8221;1_4&#8243; _builder_version=&#8221;4.6.6&#8243; _module_preset=&#8221;default&#8221;][et_pb_blurb title=&#8221;Asa Para Botellas&#8221; url=&#8221;@ET-DC@eyJkeW5hbWljIjp0cnVlLCJjb250ZW50IjoicG9zdF9saW5rX3VybF9wYWdlIiwic2V0dGluZ3MiOnsicG9zdF9pZCI6IjMyOSJ9fQ==@&#8221; image=&#8221;https:\/\/levepack.com\/wp-content\/uploads\/2021\/03\/asa-para-botellas-copy.png&#8221; _builder_version=&#8221;4.9.0&#8243; _dynamic_attributes=&#8221;url,link_option_url&#8221; _module_preset=&#8221;default&#8221; header_font=&#8221;Muli|900||on|||||&#8221; header_text_align=&#8221;center&#8221; header_text_color=&#8221;#515151&#8243; header_font_size=&#8221;11px&#8221; header_letter_spacing=&#8221;1.2px&#8221; module_alignment=&#8221;center&#8221; link_option_url=&#8221;@ET-DC@eyJkeW5hbWljIjp0cnVlLCJjb250ZW50IjoicG9zdF9saW5rX3VybF9wYWdlIiwic2V0dGluZ3MiOnsicG9zdF9pZCI6IjMyOSJ9fQ==@&#8221; border_radii_image=&#8221;on|10px|10px|10px|10px&#8221; width__hover=&#8221;90%&#8221; width__hover_enabled=&#8221;on|hover&#8221;][\/et_pb_blurb][\/et_pb_column][et_pb_column type=&#8221;1_4&#8243; _builder_version=&#8221;4.6.6&#8243; _module_preset=&#8221;default&#8221;][et_pb_blurb title=&#8221;Desarrollo de asas personalizadas&#8221; url=&#8221;@ET-DC@eyJkeW5hbWljIjp0cnVlLCJjb250ZW50IjoicG9zdF9saW5rX3VybF9wYWdlIiwic2V0dGluZ3MiOnsicG9zdF9pZCI6IjM0MCJ9fQ==@&#8221; image=&#8221;https:\/\/levepack.com\/wp-content\/uploads\/2021\/03\/Desarrollo-de-asas-personalizadas.png&#8221; _builder_version=&#8221;4.9.0&#8243; _dynamic_attributes=&#8221;url,link_option_url&#8221; _module_preset=&#8221;default&#8221; header_font=&#8221;Muli|900||on|||||&#8221; header_text_align=&#8221;center&#8221; header_text_color=&#8221;#515151&#8243; header_font_size=&#8221;11px&#8221; header_letter_spacing=&#8221;1.2px&#8221; module_alignment=&#8221;center&#8221; link_option_url=&#8221;@ET-DC@eyJkeW5hbWljIjp0cnVlLCJjb250ZW50IjoicG9zdF9saW5rX3VybF9wYWdlIiwic2V0dGluZ3MiOnsicG9zdF9pZCI6IjM0MCJ9fQ==@&#8221; border_radii_image=&#8221;on|10px|10px|10px|10px&#8221; width__hover=&#8221;90%&#8221; width__hover_enabled=&#8221;on|hover&#8221;][\/et_pb_blurb][\/et_pb_column][\/et_pb_row][et_pb_row column_structure=&#8221;1_5,3_5,1_5&#8243; disabled_on=&#8221;off|off|off&#8221; _builder_version=&#8221;4.6.6&#8243; _module_preset=&#8221;default&#8221; custom_padding=&#8221;||0%||false|false&#8221;][et_pb_column type=&#8221;1_5&#8243; _builder_version=&#8221;4.6.6&#8243; _module_preset=&#8221;default&#8221;][\/et_pb_column][et_pb_column type=&#8221;3_5&#8243; _builder_version=&#8221;4.6.6&#8243; _module_preset=&#8221;default&#8221;][et_pb_text _builder_version=&#8221;4.6.6&#8243; _module_preset=&#8221;default&#8221; text_font=&#8221;Nunito||||||||&#8221; text_text_color=&#8221;#82929e&#8221; text_font_size=&#8221;15px&#8221;]<\/p>\n<p style=\"text-align: center;\">Fabricadas con materiales resistentes para que resistan su peso est\u00e1tico + dos veces \u00a0el peso est\u00e1tico para resistir las cargas din\u00e1micas, \u00a0dando un total de resistencia de tres veces su peso normal, garantizando con esto que el asa al momento de ser utilizada e incluso al ser utilizada en formas extremas no se romper\u00e1.<\/p>\n<p>[\/et_pb_text][et_pb_text _builder_version=&#8221;4.9.0&#8243; _module_preset=&#8221;default&#8221; text_font=&#8221;Nunito||||||||&#8221; text_text_color=&#8221;#82929e&#8221; text_font_size=&#8221;15px&#8221; header_2_font=&#8221;Muli|800||on|||||&#8221; header_2_text_color=&#8221;#0DB8E2&#8243; header_2_font_size=&#8221;16px&#8221;]<\/p>\n<h2 style=\"text-align: center;\">\u00a1Desarrollo de modelos especiales de asas pl\u00e1sticas!<\/h2>\n<p style=\"text-align: center;\">Financiamiento hasta del 100% de valor del molde o moledes, para la elaboraci\u00f3n del proyecto de tu asa pl\u00e1stica (previo estudio de viabilidad).<\/p>\n<p>[\/et_pb_text][et_pb_button button_url=&#8221;@ET-DC@eyJkeW5hbWljIjp0cnVlLCJjb250ZW50IjoicG9zdF9saW5rX3VybF9wYWdlIiwic2V0dGluZ3MiOnsicG9zdF9pZCI6IjcxIn19@&#8221; button_text=&#8221;CONT\u00c1CTANOS&#8221; button_alignment=&#8221;center&#8221; _builder_version=&#8221;4.6.6&#8243; _dynamic_attributes=&#8221;button_url&#8221; _module_preset=&#8221;default&#8221; custom_button=&#8221;on&#8221; button_text_color=&#8221;#ffffff&#8221; button_bg_color=&#8221;#0c71c3&#8243; button_border_width=&#8221;3px&#8221; button_border_radius=&#8221;8px&#8221; button_bg_color__hover_enabled=&#8221;on|desktop&#8221; button_bg_color__hover=&#8221;#aebad6&#8243; button_bg_enable_color__hover=&#8221;on&#8221;][\/et_pb_button][\/et_pb_column][et_pb_column type=&#8221;1_5&#8243; _builder_version=&#8221;4.6.6&#8243; _module_preset=&#8221;default&#8221;][\/et_pb_column][\/et_pb_row][\/et_pb_section]<\/p>\n","protected":false},"excerpt":{"rendered":"<p>[et_pb_section fb_built=&#8221;1&#8243; next_background_color=&#8221;#ffffff&#8221; disabled_on=&#8221;off|off|off&#8221; _builder_version=&#8221;4.9.0&#8243; _module_preset=&#8221;default&#8221; background_image=&#8221;https:\/\/levepack.com\/wp-content\/uploads\/2021\/03\/Artboard-6-100.jpg&#8221; custom_padding=&#8221;0.4%||||false|false&#8221; bottom_divider_style=&#8221;curve2&#8243; bottom_divider_height=&#8221;87px&#8221; background_last_edited=&#8221;on|phone&#8221; background_image_phone=&#8221;https:\/\/levepack.com\/wp-content\/uploads\/2021\/03\/Artboard-6-copy-100.jpg&#8221; background_enable_image_phone=&#8221;on&#8221;][et_pb_row column_structure=&#8221;1_2,1_2&#8243; use_custom_gutter=&#8221;on&#8221; gutter_width=&#8221;1&#8243; _builder_version=&#8221;4.6.6&#8243; _module_preset=&#8221;default&#8221; custom_margin=&#8221;5%|auto|-1.3%|auto|false|false&#8221; custom_padding=&#8221;155px|||||&#8221;][et_pb_column type=&#8221;1_2&#8243; _builder_version=&#8221;4.6.6&#8243; _module_preset=&#8221;default&#8221;][\/et_pb_column][et_pb_column type=&#8221;1_2&#8243; _builder_version=&#8221;4.6.6&#8243; _module_preset=&#8221;default&#8221;][et_pb_text _builder_version=&#8221;4.9.0&#8243; _module_preset=&#8221;default&#8221; text_font=&#8221;Muli|900||on|||||&#8221; text_text_color=&#8221;#FFFFFF&#8221; text_font_size=&#8221;250%&#8221; text_line_height=&#8221;1em&#8221; text_orientation=&#8221;right&#8221; width=&#8221;90%&#8221; hover_enabled=&#8221;0&#8243; text_font_size_tablet=&#8221;220%&#8221; text_font_size_phone=&#8221;180%&#8221; text_font_size_last_edited=&#8221;on|tablet&#8221; sticky_enabled=&#8221;0&#8243;] asas pl\u00e1sticas [\/et_pb_text][\/et_pb_column][\/et_pb_row][\/et_pb_section][et_pb_section fb_built=&#8221;1&#8243; _builder_version=&#8221;4.6.6&#8243; _module_preset=&#8221;default&#8221; custom_padding=&#8221;0px|||||&#8221;][et_pb_row column_structure=&#8221;1_5,3_5,1_5&#8243; _builder_version=&#8221;4.6.6&#8243; _module_preset=&#8221;default&#8221; custom_padding=&#8221;||0px|||&#8221;][et_pb_column type=&#8221;1_5&#8243; _builder_version=&#8221;4.6.6&#8243; _module_preset=&#8221;default&#8221;][\/et_pb_column][et_pb_column type=&#8221;3_5&#8243; _builder_version=&#8221;4.6.6&#8243; [&hellip;]<\/p>\n","protected":false},"author":1,"featured_media":0,"parent":0,"menu_order":0,"comment_status":"closed","ping_status":"closed","template":"","meta":{"_et_pb_use_builder":"on","_et_pb_old_content":"","_et_gb_content_width":""},"_links":{"self":[{"href":"https:\/\/levepack.com\/index.php?rest_route=\/wp\/v2\/pages\/91"}],"collection":[{"href":"https:\/\/levepack.com\/index.php?rest_route=\/wp\/v2\/pages"}],"about":[{"href":"https:\/\/levepack.com\/index.php?rest_route=\/wp\/v2\/types\/page"}],"author":[{"embeddable":true,"href":"https:\/\/levepack.com\/index.php?rest_route=\/wp\/v2\/users\/1"}],"replies":[{"embeddable":true,"href":"https:\/\/levepack.com\/index.php?rest_route=%2Fwp%2Fv2%2Fcomments&post=91"}],"version-history":[{"count":32,"href":"https:\/\/levepack.com\/index.php?rest_route=\/wp\/v2\/pages\/91\/revisions"}],"predecessor-version":[{"id":656,"href":"https:\/\/levepack.com\/index.php?rest_route=\/wp\/v2\/pages\/91\/revisions\/656"}],"wp:attachment":[{"href":"https:\/\/levepack.com\/index.php?rest_route=%2Fwp%2Fv2%2Fmedia&parent=91"}],"curies":[{"name":"wp","href":"https:\/\/api.w.org\/{rel}","templated":true}]}}