{"id":71,"date":"2020-10-20T01:50:52","date_gmt":"2020-10-20T01:50:52","guid":{"rendered":"https:\/\/levepack.com\/?page_id=71"},"modified":"2021-03-02T23:58:46","modified_gmt":"2021-03-02T23:58:46","slug":"contacto","status":"publish","type":"page","link":"https:\/\/levepack.com\/?page_id=71","title":{"rendered":"Contacto"},"content":{"rendered":"<p>[et_pb_section fb_built=&#8221;1&#8243; module_id=&#8221;contacto&#8221; _builder_version=&#8221;4.9.0&#8243; _module_preset=&#8221;default&#8221; background_image=&#8221;https:\/\/levepack.com\/wp-content\/uploads\/2021\/03\/123123.jpg&#8221; hover_enabled=&#8221;0&#8243; sticky_enabled=&#8221;0&#8243; title_text=&#8221;123123&#8243;][et_pb_row column_structure=&#8221;1_2,1_2&#8243; _builder_version=&#8221;4.6.6&#8243; _module_preset=&#8221;default&#8221;][et_pb_column type=&#8221;1_2&#8243; _builder_version=&#8221;4.6.6&#8243; _module_preset=&#8221;default&#8221;][\/et_pb_column][et_pb_column type=&#8221;1_2&#8243; _builder_version=&#8221;4.6.6&#8243; _module_preset=&#8221;default&#8221;][et_pb_text _builder_version=&#8221;4.9.0&#8243; _module_preset=&#8221;default&#8221; text_font=&#8221;Muli|900|||||||&#8221; text_text_color=&#8221;#0C71C3&#8243; text_font_size=&#8221;22px&#8221; text_letter_spacing=&#8221;2px&#8221; custom_padding=&#8221;3%||||false|false&#8221;]<\/p>\n<p style=\"text-align: center;\">CONTACTO<\/p>\n<p>[\/et_pb_text][et_pb_text _builder_version=&#8221;4.9.0&#8243; _module_preset=&#8221;default&#8221; text_font=&#8221;Nunito||||||||&#8221; text_text_color=&#8221;#4b4e51&#8243; text_font_size=&#8221;15px&#8221; link_font=&#8221;Nunito||||||||&#8221; link_text_color=&#8221;#4a4f54&#8243; custom_padding=&#8221;||0px|||&#8221;]<\/p>\n<p style=\"text-align: center;\">\u00a1Te invitamos a que te mantengas en contacto con nosotros!<\/p>\n<p style=\"text-align: center;\">Nos podr\u00e1s encontrar en:<\/p>\n<p style=\"text-align: center;\"><span style=\"color: #006ac1;\"><strong><a href=\"mailto:hola@nombreempresa.com\" style=\"color: #006ac1;\">levepackgoodpack@gmail.com<\/a><\/strong><\/span><br \/> 55 1325 7817<\/p>\n<p style=\"text-align: center;\">O env\u00eda un mensaje:<\/p>\n<p>[\/et_pb_text][et_pb_contact_form captcha=&#8221;off&#8221; submit_button_text=&#8221;Enviar&#8221; _builder_version=&#8221;4.6.6&#8243; _module_preset=&#8221;default&#8221; form_field_background_color=&#8221;#f4f4f3&#8243; form_field_text_color=&#8221;#82929e&#8221; form_field_focus_background_color=&#8221;#f4f4f3&#8243; form_field_focus_text_color=&#8221;#82929e&#8221; form_field_font=&#8221;Nunito||||||||&#8221; form_field_font_size=&#8221;14px&#8221; custom_button=&#8221;on&#8221; button_text_size=&#8221;16px&#8221; button_text_color=&#8221;#FFFFFF&#8221; button_bg_color=&#8221;#82929e&#8221; button_border_width=&#8221;0px&#8221; button_border_radius=&#8221;7px&#8221; button_font=&#8221;Nunito|600|||||||&#8221; button_use_icon=&#8221;off&#8221; button_text_color__hover_enabled=&#8221;off|desktop&#8221; button_bg_color__hover_enabled=&#8221;on|hover&#8221; button_bg_color__hover=&#8221;#4a4f54&#8243; button_bg_enable_color__hover=&#8221;on&#8221;][et_pb_contact_field field_id=&#8221;Inter\u00e9s&#8221; field_title=&#8221;Seleccione un Inter\u00e9s&#8221; field_type=&#8221;select&#8221; select_options=&#8221;%91{%22value%22:%22Desarrollo de Piezas Pl\u00e1sticas%22,%22checked%22:0,%22dragID%22:-1},{%22value%22:%22Asas Pl\u00e1sticas%22,%22checked%22:0,%22dragID%22:0},{%22value%22:%22Tapas Pl\u00e1sticas%22,%22checked%22:0,%22dragID%22:2},{%22value%22:%22Otro%22,%22checked%22:0,%22dragID%22:1}%93&#8243; fullwidth_field=&#8221;on&#8221; _builder_version=&#8221;4.6.6&#8243; _module_preset=&#8221;default&#8221;][\/et_pb_contact_field][et_pb_contact_field field_id=&#8221;Nombre&#8221; field_title=&#8221;Nombre&#8221; _builder_version=&#8221;4.6.6&#8243; button_text_size__hover_enabled=&#8221;off&#8221; button_one_text_size__hover_enabled=&#8221;off&#8221; button_two_text_size__hover_enabled=&#8221;off&#8221; button_text_color__hover_enabled=&#8221;off&#8221; button_one_text_color__hover_enabled=&#8221;off&#8221; button_two_text_color__hover_enabled=&#8221;off&#8221; button_border_width__hover_enabled=&#8221;off&#8221; button_one_border_width__hover_enabled=&#8221;off&#8221; button_two_border_width__hover_enabled=&#8221;off&#8221; button_border_color__hover_enabled=&#8221;off&#8221; button_one_border_color__hover_enabled=&#8221;off&#8221; button_two_border_color__hover_enabled=&#8221;off&#8221; button_border_radius__hover_enabled=&#8221;off&#8221; button_one_border_radius__hover_enabled=&#8221;off&#8221; button_two_border_radius__hover_enabled=&#8221;off&#8221; button_letter_spacing__hover_enabled=&#8221;off&#8221; button_one_letter_spacing__hover_enabled=&#8221;off&#8221; button_two_letter_spacing__hover_enabled=&#8221;off&#8221; button_bg_color__hover_enabled=&#8221;off&#8221; button_one_bg_color__hover_enabled=&#8221;off&#8221; button_two_bg_color__hover_enabled=&#8221;off&#8221;][\/et_pb_contact_field][et_pb_contact_field field_id=&#8221;Correo_Electr\u00f3nico&#8221; field_title=&#8221;Correo Electr\u00f3nico&#8221; field_type=&#8221;email&#8221; _builder_version=&#8221;4.6.6&#8243; button_text_size__hover_enabled=&#8221;off&#8221; button_one_text_size__hover_enabled=&#8221;off&#8221; button_two_text_size__hover_enabled=&#8221;off&#8221; button_text_color__hover_enabled=&#8221;off&#8221; button_one_text_color__hover_enabled=&#8221;off&#8221; button_two_text_color__hover_enabled=&#8221;off&#8221; button_border_width__hover_enabled=&#8221;off&#8221; button_one_border_width__hover_enabled=&#8221;off&#8221; button_two_border_width__hover_enabled=&#8221;off&#8221; button_border_color__hover_enabled=&#8221;off&#8221; button_one_border_color__hover_enabled=&#8221;off&#8221; button_two_border_color__hover_enabled=&#8221;off&#8221; button_border_radius__hover_enabled=&#8221;off&#8221; button_one_border_radius__hover_enabled=&#8221;off&#8221; button_two_border_radius__hover_enabled=&#8221;off&#8221; button_letter_spacing__hover_enabled=&#8221;off&#8221; button_one_letter_spacing__hover_enabled=&#8221;off&#8221; button_two_letter_spacing__hover_enabled=&#8221;off&#8221; button_bg_color__hover_enabled=&#8221;off&#8221; button_one_bg_color__hover_enabled=&#8221;off&#8221; button_two_bg_color__hover_enabled=&#8221;off&#8221;][\/et_pb_contact_field][et_pb_contact_field field_id=&#8221;Mensaje&#8221; field_title=&#8221;Mensaje&#8221; field_type=&#8221;text&#8221; fullwidth_field=&#8221;on&#8221; _builder_version=&#8221;4.6.6&#8243; button_text_size__hover_enabled=&#8221;off&#8221; button_one_text_size__hover_enabled=&#8221;off&#8221; button_two_text_size__hover_enabled=&#8221;off&#8221; button_text_color__hover_enabled=&#8221;off&#8221; button_one_text_color__hover_enabled=&#8221;off&#8221; button_two_text_color__hover_enabled=&#8221;off&#8221; button_border_width__hover_enabled=&#8221;off&#8221; button_one_border_width__hover_enabled=&#8221;off&#8221; button_two_border_width__hover_enabled=&#8221;off&#8221; button_border_color__hover_enabled=&#8221;off&#8221; button_one_border_color__hover_enabled=&#8221;off&#8221; button_two_border_color__hover_enabled=&#8221;off&#8221; button_border_radius__hover_enabled=&#8221;off&#8221; button_one_border_radius__hover_enabled=&#8221;off&#8221; button_two_border_radius__hover_enabled=&#8221;off&#8221; button_letter_spacing__hover_enabled=&#8221;off&#8221; button_one_letter_spacing__hover_enabled=&#8221;off&#8221; button_two_letter_spacing__hover_enabled=&#8221;off&#8221; button_bg_color__hover_enabled=&#8221;off&#8221; button_one_bg_color__hover_enabled=&#8221;off&#8221; button_two_bg_color__hover_enabled=&#8221;off&#8221;][\/et_pb_contact_field][\/et_pb_contact_form][\/et_pb_column][\/et_pb_row][\/et_pb_section]<\/p>\n","protected":false},"excerpt":{"rendered":"<p>[et_pb_section fb_built=&#8221;1&#8243; module_id=&#8221;contacto&#8221; _builder_version=&#8221;4.9.0&#8243; _module_preset=&#8221;default&#8221; background_image=&#8221;https:\/\/levepack.com\/wp-content\/uploads\/2021\/03\/123123.jpg&#8221; hover_enabled=&#8221;0&#8243; sticky_enabled=&#8221;0&#8243; title_text=&#8221;123123&#8243;][et_pb_row column_structure=&#8221;1_2,1_2&#8243; _builder_version=&#8221;4.6.6&#8243; _module_preset=&#8221;default&#8221;][et_pb_column type=&#8221;1_2&#8243; _builder_version=&#8221;4.6.6&#8243; _module_preset=&#8221;default&#8221;][\/et_pb_column][et_pb_column type=&#8221;1_2&#8243; _builder_version=&#8221;4.6.6&#8243; _module_preset=&#8221;default&#8221;][et_pb_text _builder_version=&#8221;4.9.0&#8243; _module_preset=&#8221;default&#8221; text_font=&#8221;Muli|900|||||||&#8221; text_text_color=&#8221;#0C71C3&#8243; text_font_size=&#8221;22px&#8221; text_letter_spacing=&#8221;2px&#8221; custom_padding=&#8221;3%||||false|false&#8221;] CONTACTO [\/et_pb_text][et_pb_text _builder_version=&#8221;4.9.0&#8243; _module_preset=&#8221;default&#8221; text_font=&#8221;Nunito||||||||&#8221; text_text_color=&#8221;#4b4e51&#8243; text_font_size=&#8221;15px&#8221; link_font=&#8221;Nunito||||||||&#8221; link_text_color=&#8221;#4a4f54&#8243; custom_padding=&#8221;||0px|||&#8221;] \u00a1Te invitamos a que te mantengas en contacto con nosotros! Nos podr\u00e1s encontrar en: levepackgoodpack@gmail.com 55 1325 7817 O env\u00eda [&hellip;]<\/p>\n","protected":false},"author":1,"featured_media":0,"parent":0,"menu_order":0,"comment_status":"closed","ping_status":"closed","template":"","meta":{"_et_pb_use_builder":"on","_et_pb_old_content":"","_et_gb_content_width":""},"_links":{"self":[{"href":"https:\/\/levepack.com\/index.php?rest_route=\/wp\/v2\/pages\/71"}],"collection":[{"href":"https:\/\/levepack.com\/index.php?rest_route=\/wp\/v2\/pages"}],"about":[{"href":"https:\/\/levepack.com\/index.php?rest_route=\/wp\/v2\/types\/page"}],"author":[{"embeddable":true,"href":"https:\/\/levepack.com\/index.php?rest_route=\/wp\/v2\/users\/1"}],"replies":[{"embeddable":true,"href":"https:\/\/levepack.com\/index.php?rest_route=%2Fwp%2Fv2%2Fcomments&post=71"}],"version-history":[{"count":10,"href":"https:\/\/levepack.com\/index.php?rest_route=\/wp\/v2\/pages\/71\/revisions"}],"predecessor-version":[{"id":629,"href":"https:\/\/levepack.com\/index.php?rest_route=\/wp\/v2\/pages\/71\/revisions\/629"}],"wp:attachment":[{"href":"https:\/\/levepack.com\/index.php?rest_route=%2Fwp%2Fv2%2Fmedia&parent=71"}],"curies":[{"name":"wp","href":"https:\/\/api.w.org\/{rel}","templated":true}]}}