{"id":69,"date":"2020-10-20T01:50:37","date_gmt":"2020-10-20T01:50:37","guid":{"rendered":"https:\/\/levepack.com\/?page_id=69"},"modified":"2021-03-03T23:25:40","modified_gmt":"2021-03-03T23:25:40","slug":"piezas-plasticas","status":"publish","type":"page","link":"https:\/\/levepack.com\/?page_id=69","title":{"rendered":"Piezas Pl\u00e1sticas"},"content":{"rendered":"<p>[et_pb_section fb_built=&#8221;1&#8243; next_background_color=&#8221;#ffffff&#8221; disabled_on=&#8221;off|off|off&#8221; _builder_version=&#8221;4.9.0&#8243; _module_preset=&#8221;default&#8221; background_image=&#8221;https:\/\/levepack.com\/wp-content\/uploads\/2021\/03\/Artboard-6-100.jpg&#8221; custom_padding=&#8221;0.4%||||false|false&#8221; bottom_divider_style=&#8221;curve2&#8243; bottom_divider_height=&#8221;87px&#8221; background_last_edited=&#8221;on|phone&#8221; background_image_phone=&#8221;https:\/\/levepack.com\/wp-content\/uploads\/2021\/03\/Artboard-6-copy-100.jpg&#8221; background_enable_image_phone=&#8221;on&#8221;][et_pb_row column_structure=&#8221;1_2,1_2&#8243; use_custom_gutter=&#8221;on&#8221; gutter_width=&#8221;1&#8243; _builder_version=&#8221;4.6.6&#8243; _module_preset=&#8221;default&#8221; custom_margin=&#8221;5%|auto|-1.3%|auto|false|false&#8221; custom_padding=&#8221;155px|||||&#8221;][et_pb_column type=&#8221;1_2&#8243; _builder_version=&#8221;4.6.6&#8243; _module_preset=&#8221;default&#8221;][\/et_pb_column][et_pb_column type=&#8221;1_2&#8243; _builder_version=&#8221;4.6.6&#8243; _module_preset=&#8221;default&#8221;][et_pb_text _builder_version=&#8221;4.9.0&#8243; _module_preset=&#8221;default&#8221; text_font=&#8221;Muli|900||on|||||&#8221; text_text_color=&#8221;#FFFFFF&#8221; text_font_size=&#8221;250%&#8221; text_line_height=&#8221;1em&#8221; text_orientation=&#8221;right&#8221; width=&#8221;90%&#8221; hover_enabled=&#8221;0&#8243; text_font_size_tablet=&#8221;220%&#8221; text_font_size_phone=&#8221;180%&#8221; text_font_size_last_edited=&#8221;on|tablet&#8221; sticky_enabled=&#8221;0&#8243;]<\/p>\n<p>Piezas Pl\u00e1sticas<\/p>\n<p>[\/et_pb_text][\/et_pb_column][\/et_pb_row][\/et_pb_section][et_pb_section fb_built=&#8221;1&#8243; _builder_version=&#8221;4.6.6&#8243; _module_preset=&#8221;default&#8221;][et_pb_row column_structure=&#8221;1_5,3_5,1_5&#8243; _builder_version=&#8221;4.6.6&#8243; _module_preset=&#8221;default&#8221;][et_pb_column type=&#8221;1_5&#8243; _builder_version=&#8221;4.6.6&#8243; _module_preset=&#8221;default&#8221;][\/et_pb_column][et_pb_column type=&#8221;3_5&#8243; _builder_version=&#8221;4.6.6&#8243; _module_preset=&#8221;default&#8221;][et_pb_text _builder_version=&#8221;4.9.0&#8243; _module_preset=&#8221;default&#8221; text_font=&#8221;Muli|800||on|||||&#8221; text_text_color=&#8221;#82929e&#8221; text_font_size=&#8221;17px&#8221; text_letter_spacing=&#8221;1px&#8221; text_font_size_tablet=&#8221;&#8221; text_font_size_phone=&#8221;15px&#8221; text_font_size_last_edited=&#8221;on|phone&#8221;]<\/p>\n<p style=\"text-align: center;\">Desarrollo de piezas pl\u00e1sticas para<br \/> la industria en general<\/p>\n<p>[\/et_pb_text][et_pb_text _builder_version=&#8221;4.9.0&#8243; _module_preset=&#8221;default&#8221; text_font=&#8221;Muli|900||on|||||&#8221; text_text_color=&#8221;#E02B20&#8243; text_font_size=&#8221;21px&#8221;]<\/p>\n<p style=\"text-align: center;\">\u00a1Pl\u00e1stificamos tus ideas!<\/p>\n<p>[\/et_pb_text][et_pb_text _builder_version=&#8221;4.9.0&#8243; _module_preset=&#8221;default&#8221; text_font=&#8221;Nunito||||||||&#8221; text_text_color=&#8221;#82929e&#8221; text_font_size=&#8221;15px&#8221;]<\/p>\n<p style=\"text-align: center;\"><span>Pl\u00e1stificamos tus ideas, significa fabricar un art\u00edculo de pl\u00e1stico <span style=\"color: #333333;\"><strong>a la medida de tus necesidades<\/strong><\/span>, haciendo f\u00e1cil la tarea de b\u00fasqueda de un art\u00edculo pl\u00e1stico que no encuentras en el mercado, ya sea por que no existe o por que lo importas de otro pa\u00eds y esto te genera muchos problemas de desabasto o altos inventarios, as\u00ed c\u00f3mo, inversiones paradas o sobre costo por tipo de cambio, o bien, por que simplemente esta muy demandado y por lo tanto muy alto de precio.<\/span><\/p>\n<p style=\"text-align: center;\"><span>\u00a0Si requieres un art\u00edculo de pl\u00e1stico y el volumen que necesitas est\u00e1 por arriba de las 5000 piezas cada mes\u2026 vale la pena\u00a0 invertir en el proyecto y desarrollarlo para que tengas el control del suministro.<\/span><\/p>\n<p>[\/et_pb_text][\/et_pb_column][et_pb_column type=&#8221;1_5&#8243; _builder_version=&#8221;4.6.6&#8243; _module_preset=&#8221;default&#8221;][\/et_pb_column][\/et_pb_row][et_pb_row column_structure=&#8221;1_3,1_3,1_3&#8243; disabled_on=&#8221;on|on|off&#8221; _builder_version=&#8221;4.6.6&#8243; _module_preset=&#8221;default&#8221; width=&#8221;60%&#8221;][et_pb_column type=&#8221;1_3&#8243; _builder_version=&#8221;4.6.6&#8243; _module_preset=&#8221;default&#8221;][et_pb_image src=&#8221;https:\/\/levepack.com\/wp-content\/uploads\/2021\/02\/1LEVE154.jpg&#8221; title_text=&#8221;1LEVE154&#8243; _builder_version=&#8221;4.6.6&#8243; _module_preset=&#8221;default&#8221; border_radii=&#8221;on|2%|2%|2%|2%&#8221;][\/et_pb_image][\/et_pb_column][et_pb_column type=&#8221;1_3&#8243; _builder_version=&#8221;4.6.6&#8243; _module_preset=&#8221;default&#8221;][et_pb_image src=&#8221;https:\/\/levepack.com\/wp-content\/uploads\/2021\/02\/1LEVE26.jpg&#8221; title_text=&#8221;1LEVE26&#8243; _builder_version=&#8221;4.6.6&#8243; _module_preset=&#8221;default&#8221; border_radii=&#8221;on|2%|2%|2%|2%&#8221;][\/et_pb_image][\/et_pb_column][et_pb_column type=&#8221;1_3&#8243; _builder_version=&#8221;4.6.6&#8243; _module_preset=&#8221;default&#8221;][et_pb_image src=&#8221;https:\/\/levepack.com\/wp-content\/uploads\/2021\/02\/1LEVE155-2.jpg&#8221; title_text=&#8221;1LEVE155-2&#8243; _builder_version=&#8221;4.6.6&#8243; _module_preset=&#8221;default&#8221; border_radii=&#8221;on|2%|2%|2%|2%&#8221;][\/et_pb_image][\/et_pb_column][\/et_pb_row][et_pb_row column_structure=&#8221;1_3,1_3,1_3&#8243; disabled_on=&#8221;off|off|on&#8221; _builder_version=&#8221;4.6.6&#8243; _module_preset=&#8221;default&#8221; width=&#8221;60%&#8221;][et_pb_column type=&#8221;1_3&#8243; _builder_version=&#8221;4.6.6&#8243; _module_preset=&#8221;default&#8221;][et_pb_image src=&#8221;https:\/\/levepack.com\/wp-content\/uploads\/2021\/02\/1LEVE154.jpg&#8221; title_text=&#8221;1LEVE154&#8243; _builder_version=&#8221;4.6.6&#8243; _module_preset=&#8221;default&#8221; border_radii=&#8221;on|2%|2%|2%|2%&#8221;][\/et_pb_image][\/et_pb_column][et_pb_column type=&#8221;1_3&#8243; _builder_version=&#8221;4.6.6&#8243; _module_preset=&#8221;default&#8221;][et_pb_text _builder_version=&#8221;4.9.0&#8243; _module_preset=&#8221;default&#8221; text_font=&#8221;Nunito||||||||&#8221; text_text_color=&#8221;#82929e&#8221; text_font_size=&#8221;15px&#8221;]<\/p>\n<p style=\"text-align: center;\"><span>Tenemos el valor agregado en todas las \u00e1reas que est\u00e1n alrededor de la fabricaci\u00f3n de la pieza pl\u00e1stica, c\u00f3mo son:<\/span><\/p>\n<p>[\/et_pb_text][et_pb_image src=&#8221;https:\/\/levepack.com\/wp-content\/uploads\/2021\/02\/1LEVE155-2.jpg&#8221; title_text=&#8221;1LEVE155-2&#8243; _builder_version=&#8221;4.6.6&#8243; _module_preset=&#8221;default&#8221; border_radii=&#8221;on|2%|2%|2%|2%&#8221;][\/et_pb_image][\/et_pb_column][et_pb_column type=&#8221;1_3&#8243; _builder_version=&#8221;4.6.6&#8243; _module_preset=&#8221;default&#8221;][et_pb_text _builder_version=&#8221;4.9.0&#8243; _module_preset=&#8221;default&#8221; text_font=&#8221;Nunito||||||||&#8221; text_text_color=&#8221;#82929e&#8221; text_font_size=&#8221;15px&#8221;]<\/p>\n<ul>\n<li>Dise\u00f1o de la pieza pl\u00e1stica, mediante la elaboraci\u00f3n de dibujos 2Dy 3D.<\/li>\n<li>Redise\u00f1o y cambio de ingenier\u00eda de piezas pl\u00e1sticas que ya existen.<\/li>\n<li>Dise\u00f1o de molde(s) previa fabricaci\u00f3n del molde.<\/li>\n<li>Fabricaci\u00f3n del molde (s).<\/li>\n<li>Financiamineto del desarrollo y fabricaci\u00f3n del molde (s)<\/li>\n<li>Fabricaci\u00f3n de la pieza o las piezas pl\u00e1sticas<\/li>\n<li>Insertos met\u00e1licos en piezas pl\u00e1sticas ya sea duarante el proceso de la inyecci\u00f3n , o bien, posterior a la inyecci\u00f3n.<\/li>\n<li>Decorado de piezas pl\u00e1sticas mediante:\n<ul>\n<li>In mold<\/li>\n<li>Tampograf\u00eda<\/li>\n<li>Heat transfer<\/li>\n<li>Serigraf\u00eda<\/li>\n<\/ul>\n<\/li>\n<li>Etiquetado de art\u00edculos, previa impresi\u00f3n con impresi\u00f3n t\u00e9rmica.<\/li>\n<li>Etiqutado de c\u00f3digos de barras<\/li>\n<li>Ensambles y sub ensables de piezas pl\u00e1sticas<\/li>\n<li>Empaque y sub empaque de piezas pl\u00e1sticas<\/li>\n<li>Almacenaje, control de inventarios y distribuci\u00f3n a los distintos puntos de entrega que tenga el cliente.<\/li>\n<\/ul>\n<p>[\/et_pb_text][et_pb_image src=&#8221;https:\/\/levepack.com\/wp-content\/uploads\/2021\/02\/1LEVE26.jpg&#8221; title_text=&#8221;1LEVE26&#8243; _builder_version=&#8221;4.6.6&#8243; _module_preset=&#8221;default&#8221; border_radii=&#8221;on|2%|2%|2%|2%&#8221;][\/et_pb_image][\/et_pb_column][\/et_pb_row][et_pb_row column_structure=&#8221;1_5,3_5,1_5&#8243; disabled_on=&#8221;on|on|off&#8221; _builder_version=&#8221;4.6.6&#8243; _module_preset=&#8221;default&#8221; custom_padding=&#8221;||5%||false|false&#8221;][et_pb_column type=&#8221;1_5&#8243; _builder_version=&#8221;4.6.6&#8243; _module_preset=&#8221;default&#8221;][\/et_pb_column][et_pb_column type=&#8221;3_5&#8243; _builder_version=&#8221;4.6.6&#8243; _module_preset=&#8221;default&#8221;][et_pb_text _builder_version=&#8221;4.9.0&#8243; _module_preset=&#8221;default&#8221; text_font=&#8221;Nunito||||||||&#8221; text_text_color=&#8221;#82929e&#8221; text_font_size=&#8221;15px&#8221;]<\/p>\n<p><span>Tenemos el valor agregado en todas las \u00e1reas que est\u00e1n alrededor de la fabricaci\u00f3n de la pieza pl\u00e1stica, c\u00f3mo son:<\/span><\/p>\n<p>[\/et_pb_text][et_pb_text _builder_version=&#8221;4.9.0&#8243; _module_preset=&#8221;default&#8221; text_font=&#8221;Nunito||||||||&#8221; text_text_color=&#8221;#82929e&#8221; text_font_size=&#8221;15px&#8221;]<\/p>\n<ul>\n<li>Dise\u00f1o de la pieza pl\u00e1stica, mediante la elaboraci\u00f3n de dibujos 2Dy 3D.<\/li>\n<li>Redise\u00f1o y cambio de ingenier\u00eda de piezas pl\u00e1sticas que ya existen.<\/li>\n<li>Dise\u00f1o de molde(s) previa fabricaci\u00f3n del molde.<\/li>\n<li>Fabricaci\u00f3n del molde (s).<\/li>\n<li>Financiamineto del desarrollo y fabricaci\u00f3n del molde (s)<\/li>\n<li>Fabricaci\u00f3n de la pieza o las piezas pl\u00e1sticas<\/li>\n<li>Insertos met\u00e1licos en piezas pl\u00e1sticas ya sea duarante el proceso de la inyecci\u00f3n , o bien, posterior a la inyecci\u00f3n.<\/li>\n<li>Decorado de piezas pl\u00e1sticas mediante:\n<ul>\n<li>In mold<\/li>\n<li>Tampograf\u00eda<\/li>\n<li>Heat transfer<\/li>\n<li>Serigraf\u00eda<\/li>\n<\/ul>\n<\/li>\n<li>Etiquetado de art\u00edculos, previa impresi\u00f3n con impresi\u00f3n t\u00e9rmica.<\/li>\n<li>Etiqutado de c\u00f3digos de barras<\/li>\n<li>Ensambles y sub ensables de piezas pl\u00e1sticas<\/li>\n<li>Empaque y sub empaque de piezas pl\u00e1sticas<\/li>\n<li>Almacenaje, control de inventarios y distribuci\u00f3n a los distintos puntos de entrega que tenga el cliente.<\/li>\n<\/ul>\n<p>[\/et_pb_text][et_pb_image src=&#8221;https:\/\/levepack.com\/wp-content\/uploads\/2021\/03\/DISPLAY-DESARROLLO-DE-NUEVAS-PZAS.png&#8221; title_text=&#8221;DISPLAY DESARROLLO DE NUEVAS PZAS&#8221; _builder_version=&#8221;4.9.0&#8243; _module_preset=&#8221;default&#8221; border_radii=&#8221;on|2%|2%|2%|2%&#8221;][\/et_pb_image][et_pb_text _builder_version=&#8221;4.9.0&#8243; _module_preset=&#8221;default&#8221; text_font=&#8221;Nunito||||||||&#8221; text_text_color=&#8221;#82929e&#8221; text_font_size=&#8221;15px&#8221; header_font=&#8221;Muli|900||on|||||&#8221; header_text_color=&#8221;#E02B20&#8243; header_font_size=&#8221;23px&#8221;]<\/p>\n<h1 style=\"text-align: center;\"><span>Financiamiento<\/span><\/h1>\n<p><span><\/span><\/p>\n<p><span><\/span><\/p>\n<p style=\"text-align: center;\"><span>Financiemiento hasta del 100% del valor del molde o moldes, o bien hasta de proyectos completos de piezas pl\u00e1sticas <\/span>(previo estudio de viabilidad),<span> conviertiendo a este servicio como \u00fanico en el \u00a0mercado dentro del mundo de los fabricantes y maquiladores de la industria pl\u00e1stica.<\/span><\/p>\n<p>[\/et_pb_text][et_pb_button button_url=&#8221;@ET-DC@eyJkeW5hbWljIjp0cnVlLCJjb250ZW50IjoicG9zdF9saW5rX3VybF9wYWdlIiwic2V0dGluZ3MiOnsicG9zdF9pZCI6IjcxIn19@&#8221; button_text=&#8221;CONT\u00c1CTANOS&#8221; button_alignment=&#8221;center&#8221; _builder_version=&#8221;4.6.6&#8243; _dynamic_attributes=&#8221;button_url&#8221; _module_preset=&#8221;default&#8221; custom_button=&#8221;on&#8221; button_text_color=&#8221;#ffffff&#8221; button_bg_color=&#8221;#0c71c3&#8243; button_border_width=&#8221;3px&#8221; button_border_radius=&#8221;8px&#8221; button_bg_color__hover_enabled=&#8221;on|desktop&#8221; button_bg_color__hover=&#8221;#aebad6&#8243; button_bg_enable_color__hover=&#8221;on&#8221;][\/et_pb_button][\/et_pb_column][et_pb_column type=&#8221;1_5&#8243; _builder_version=&#8221;4.6.6&#8243; _module_preset=&#8221;default&#8221;][\/et_pb_column][\/et_pb_row][et_pb_row column_structure=&#8221;1_5,3_5,1_5&#8243; disabled_on=&#8221;off|off|on&#8221; _builder_version=&#8221;4.6.6&#8243; _module_preset=&#8221;default&#8221; custom_padding=&#8221;||5%||false|false&#8221;][et_pb_column type=&#8221;1_5&#8243; _builder_version=&#8221;4.6.6&#8243; _module_preset=&#8221;default&#8221;][\/et_pb_column][et_pb_column type=&#8221;3_5&#8243; _builder_version=&#8221;4.6.6&#8243; _module_preset=&#8221;default&#8221;][et_pb_image src=&#8221;https:\/\/levepack.com\/wp-content\/uploads\/2021\/03\/DISPLAY-DESARROLLO-DE-NUEVAS-PZAS.png&#8221; title_text=&#8221;DISPLAY DESARROLLO DE NUEVAS PZAS&#8221; _builder_version=&#8221;4.9.0&#8243; _module_preset=&#8221;default&#8221;][\/et_pb_image][et_pb_text _builder_version=&#8221;4.9.0&#8243; _module_preset=&#8221;default&#8221; text_font=&#8221;Nunito||||||||&#8221; text_text_color=&#8221;#82929e&#8221; text_font_size=&#8221;15px&#8221; header_font=&#8221;Muli|900||on|||||&#8221; header_text_color=&#8221;#E02B20&#8243; header_font_size=&#8221;23px&#8221;]<\/p>\n<h1 style=\"text-align: center;\"><span>Financiamiento<\/span><\/h1>\n<p><span><\/span><\/p>\n<p><span><\/span><\/p>\n<p style=\"text-align: center;\"><span>Financiemiento hasta del 100% del valor del molde o moldes, o bien hasta de proyectos completos de piezas pl\u00e1sticas <\/span>(previo estudio de viabilidad),<span> conviertiendo a este servicio como \u00fanico en el \u00a0mercado dentro del mundo de los fabricantes y maquiladores de la industria pl\u00e1stica.<\/span><\/p>\n<p>[\/et_pb_text][et_pb_button button_url=&#8221;@ET-DC@eyJkeW5hbWljIjp0cnVlLCJjb250ZW50IjoicG9zdF9saW5rX3VybF9wYWdlIiwic2V0dGluZ3MiOnsicG9zdF9pZCI6IjcxIn19@&#8221; button_text=&#8221;CONT\u00c1CTANOS&#8221; button_alignment=&#8221;center&#8221; _builder_version=&#8221;4.6.6&#8243; _dynamic_attributes=&#8221;button_url&#8221; _module_preset=&#8221;default&#8221; custom_button=&#8221;on&#8221; button_text_color=&#8221;#ffffff&#8221; button_bg_color=&#8221;#0c71c3&#8243; button_border_width=&#8221;3px&#8221; button_border_radius=&#8221;8px&#8221; button_bg_color__hover_enabled=&#8221;on|desktop&#8221; button_bg_color__hover=&#8221;#aebad6&#8243; button_bg_enable_color__hover=&#8221;on&#8221;][\/et_pb_button][\/et_pb_column][et_pb_column type=&#8221;1_5&#8243; _builder_version=&#8221;4.6.6&#8243; _module_preset=&#8221;default&#8221;][\/et_pb_column][\/et_pb_row][\/et_pb_section]<\/p>\n","protected":false},"excerpt":{"rendered":"<p>[et_pb_section fb_built=&#8221;1&#8243; next_background_color=&#8221;#ffffff&#8221; disabled_on=&#8221;off|off|off&#8221; _builder_version=&#8221;4.9.0&#8243; _module_preset=&#8221;default&#8221; background_image=&#8221;https:\/\/levepack.com\/wp-content\/uploads\/2021\/03\/Artboard-6-100.jpg&#8221; custom_padding=&#8221;0.4%||||false|false&#8221; bottom_divider_style=&#8221;curve2&#8243; bottom_divider_height=&#8221;87px&#8221; background_last_edited=&#8221;on|phone&#8221; background_image_phone=&#8221;https:\/\/levepack.com\/wp-content\/uploads\/2021\/03\/Artboard-6-copy-100.jpg&#8221; background_enable_image_phone=&#8221;on&#8221;][et_pb_row column_structure=&#8221;1_2,1_2&#8243; use_custom_gutter=&#8221;on&#8221; gutter_width=&#8221;1&#8243; _builder_version=&#8221;4.6.6&#8243; _module_preset=&#8221;default&#8221; custom_margin=&#8221;5%|auto|-1.3%|auto|false|false&#8221; custom_padding=&#8221;155px|||||&#8221;][et_pb_column type=&#8221;1_2&#8243; _builder_version=&#8221;4.6.6&#8243; _module_preset=&#8221;default&#8221;][\/et_pb_column][et_pb_column type=&#8221;1_2&#8243; _builder_version=&#8221;4.6.6&#8243; _module_preset=&#8221;default&#8221;][et_pb_text _builder_version=&#8221;4.9.0&#8243; _module_preset=&#8221;default&#8221; text_font=&#8221;Muli|900||on|||||&#8221; text_text_color=&#8221;#FFFFFF&#8221; text_font_size=&#8221;250%&#8221; text_line_height=&#8221;1em&#8221; text_orientation=&#8221;right&#8221; width=&#8221;90%&#8221; hover_enabled=&#8221;0&#8243; text_font_size_tablet=&#8221;220%&#8221; text_font_size_phone=&#8221;180%&#8221; text_font_size_last_edited=&#8221;on|tablet&#8221; sticky_enabled=&#8221;0&#8243;] Piezas Pl\u00e1sticas [\/et_pb_text][\/et_pb_column][\/et_pb_row][\/et_pb_section][et_pb_section fb_built=&#8221;1&#8243; _builder_version=&#8221;4.6.6&#8243; _module_preset=&#8221;default&#8221;][et_pb_row column_structure=&#8221;1_5,3_5,1_5&#8243; _builder_version=&#8221;4.6.6&#8243; _module_preset=&#8221;default&#8221;][et_pb_column type=&#8221;1_5&#8243; _builder_version=&#8221;4.6.6&#8243; _module_preset=&#8221;default&#8221;][\/et_pb_column][et_pb_column type=&#8221;3_5&#8243; _builder_version=&#8221;4.6.6&#8243; _module_preset=&#8221;default&#8221;][et_pb_text _builder_version=&#8221;4.9.0&#8243; [&hellip;]<\/p>\n","protected":false},"author":1,"featured_media":0,"parent":0,"menu_order":0,"comment_status":"closed","ping_status":"closed","template":"","meta":{"_et_pb_use_builder":"on","_et_pb_old_content":"","_et_gb_content_width":""},"_links":{"self":[{"href":"https:\/\/levepack.com\/index.php?rest_route=\/wp\/v2\/pages\/69"}],"collection":[{"href":"https:\/\/levepack.com\/index.php?rest_route=\/wp\/v2\/pages"}],"about":[{"href":"https:\/\/levepack.com\/index.php?rest_route=\/wp\/v2\/types\/page"}],"author":[{"embeddable":true,"href":"https:\/\/levepack.com\/index.php?rest_route=\/wp\/v2\/users\/1"}],"replies":[{"embeddable":true,"href":"https:\/\/levepack.com\/index.php?rest_route=%2Fwp%2Fv2%2Fcomments&post=69"}],"version-history":[{"count":26,"href":"https:\/\/levepack.com\/index.php?rest_route=\/wp\/v2\/pages\/69\/revisions"}],"predecessor-version":[{"id":666,"href":"https:\/\/levepack.com\/index.php?rest_route=\/wp\/v2\/pages\/69\/revisions\/666"}],"wp:attachment":[{"href":"https:\/\/levepack.com\/index.php?rest_route=%2Fwp%2Fv2%2Fmedia&parent=69"}],"curies":[{"name":"wp","href":"https:\/\/api.w.org\/{rel}","templated":true}]}}